{"id":107,"date":"2018-11-19T01:04:29","date_gmt":"2018-11-19T00:04:29","guid":{"rendered":"http:\/\/localhost:8888\/?page_id=107"},"modified":"2022-04-03T23:37:49","modified_gmt":"2022-04-03T21:37:49","slug":"__trashed","status":"publish","type":"page","link":"https:\/\/www.hansajolle.de\/","title":{"rendered":"Willkommen"},"content":{"rendered":"<p>Liebe Hansa-Jollen-Segler, liebe G\u00e4ste,\u00a0willkommen auf der Homepage der Deutschen Hansa-Jollen Segler-Vereinigung e.V. (DHJSV). Auf diesen Seiten wird die Hansa-Jolle und unsere Klassenvereinigung vorgestellt.\u00a0Die Hansa-Jolle hat den Status eine Nationalen Klasse im DSV, und die DHJSV ist die gemeinsame Interessenvertretung aller Hansa-Jollen-Segler. Die Aufgaben der DHJSV umfassen:<\/p>\n<p>&#8211; Vertretung der Klasse beim DSV und Verbandswesen<br \/>\n&#8211; Durchf\u00fchrung des Deutschlandpokal der Hansa-Jollen<br \/>\n&#8211; Festlegung der Klassenvorschriften<br \/>\n&#8211; Technische Beratung<br \/>\n&#8211; Eigner-Liste<br \/>\n&#8211; Archiv<br \/>\n&#8211; Herausgabe der Jahrbuchs &#8222;Hansa-Jolle aktuell&#8220; (im Jahresbeitrag der Mitglieder enthalten)<\/p>\n<p>Als Service f\u00fcr die Mitglieder bietet die DHJSV Auskunft zu allen Fragen rund um unsere kleine Yacht, sei es sportlicher, administrativer oder technischer Art. Die DHJSV freut sich, den Austausch unter den Mitgliedern zu f\u00f6rdern. Meine Vorstandskollegen und ich stehe jederzeit gerne pers\u00f6nlich zur Verf\u00fcgung, um Fragen zur DHJSV oder zu unserem wundersch\u00f6nen Boot zu beantworten.<\/p>\n<p>Mit seglerischem Gruss<\/p>\n<p>Dr. Klaus K\u00f6ster<br \/>\n+128<br \/>\n<a href=\"mailto:praesident@hansajolle.de\">praesident@hansajolle.de<\/a><\/p>\n","protected":false},"excerpt":{"rendered":"<p>Liebe Hansa-Jollen-Segler, liebe G\u00e4ste,\u00a0willkommen auf der Homepage der Deutschen Hansa-Jollen Segler-Vereinigung e.V. (DHJSV). Auf diesen Seiten wird die Hansa-Jolle und unsere Klassenvereinigung vorgestellt.\u00a0Die Hansa-Jolle hat den Status eine Nationalen Klasse im DSV, und die DHJSV ist die gemeinsame Interessenvertretung aller Hansa-Jollen-Segler. Die Aufgaben der DHJSV umfassen: &#8211; Vertretung der Klasse beim DSV und Verbandswesen &#8211; Durchf\u00fchrung des Deutschlandpokal der Hansa-Jollen &#8211; Festlegung der Klassenvorschriften &#8211; Technische Beratung &#8211; Eigner-Liste &#8211; Archiv &#8211; Herausgabe der Jahrbuchs &#8222;Hansa-Jolle aktuell&#8220; (im Jahresbeitrag der Mitglieder enthalten) Als Service f\u00fcr die Mitglieder bietet die DHJSV Auskunft zu allen Fragen rund um unsere kleine Yacht, sei es sportlicher, administrativer oder technischer Art. Die DHJSV freut sich, den Austausch unter den Mitgliedern zu f\u00f6rdern. Meine Vorstandskollegen und ich stehe jederzeit gerne pers\u00f6nlich zur Verf\u00fcgung, um Fragen zur DHJSV oder zu unserem wundersch\u00f6nen Boot zu beantworten. Mit seglerischem Gruss Dr. Klaus K\u00f6ster +128 praesident@hansajolle.de<\/p>\n","protected":false},"author":2,"featured_media":0,"parent":0,"menu_order":0,"comment_status":"closed","ping_status":"closed","template":"","meta":{"_crdt_document":"","footnotes":""},"class_list":["post-107","page","type-page","status-publish","hentry"],"acf":[],"_links":{"self":[{"href":"https:\/\/www.hansajolle.de\/index.php?rest_route=\/wp\/v2\/pages\/107","targetHints":{"allow":["GET"]}}],"collection":[{"href":"https:\/\/www.hansajolle.de\/index.php?rest_route=\/wp\/v2\/pages"}],"about":[{"href":"https:\/\/www.hansajolle.de\/index.php?rest_route=\/wp\/v2\/types\/page"}],"author":[{"embeddable":true,"href":"https:\/\/www.hansajolle.de\/index.php?rest_route=\/wp\/v2\/users\/2"}],"replies":[{"embeddable":true,"href":"https:\/\/www.hansajolle.de\/index.php?rest_route=%2Fwp%2Fv2%2Fcomments&post=107"}],"version-history":[{"count":12,"href":"https:\/\/www.hansajolle.de\/index.php?rest_route=\/wp\/v2\/pages\/107\/revisions"}],"predecessor-version":[{"id":1705,"href":"https:\/\/www.hansajolle.de\/index.php?rest_route=\/wp\/v2\/pages\/107\/revisions\/1705"}],"wp:attachment":[{"href":"https:\/\/www.hansajolle.de\/index.php?rest_route=%2Fwp%2Fv2%2Fmedia&parent=107"}],"curies":[{"name":"wp","href":"https:\/\/api.w.org\/{rel}","templated":true}]}}