{"id":1134,"date":"2020-01-27T22:44:02","date_gmt":"2020-01-27T21:44:02","guid":{"rendered":"https:\/\/www.hansajolle.de\/?page_id=1134"},"modified":"2024-01-04T08:56:22","modified_gmt":"2024-01-04T07:56:22","slug":"deutschlandpokal","status":"publish","type":"page","link":"https:\/\/www.hansajolle.de\/?page_id=1134","title":{"rendered":"Deutschlandpokal 2024"},"content":{"rendered":"\n<p class=\"wp-block-paragraph\">Der Segler Verein Gro\u00dfenheidorn (SVG) freut sich, die Gemeinschaft der Hansajollensegler zum Deutschlandpokal im Jahr 2024 auf dem Steinhuder Meer begr\u00fc\u00dfen zu d\u00fcrfen.&nbsp;<\/p>\n\n\n\n<p class=\"wp-block-paragraph\">Geplanter Ablauf<\/p>\n\n\n\n<p class=\"wp-block-paragraph\">Donnerstag und Freitag, 05.07.:<\/p>\n\n\n\n<p class=\"wp-block-paragraph\">Ankommen und Kranen, am Nachmittag gemeinsame Fahrt zur Insel Wilhelmstein mit historischer F\u00fchrung.&nbsp;<\/p>\n\n\n\n<p class=\"wp-block-paragraph\">Samstag, 06.07.:&nbsp;<\/p>\n\n\n\n<p class=\"wp-block-paragraph\">L\u00e4ufe 1-4: Up and Down (nur Hansajollen)<\/p>\n\n\n\n<p class=\"wp-block-paragraph\">Abendveranstaltung, gemeinsames Abendessen<\/p>\n\n\n\n<p class=\"wp-block-paragraph\">Sonntag, 07.07.:<\/p>\n\n\n\n<p class=\"wp-block-paragraph\">5.&nbsp;Lauf: Gro\u00dfe&nbsp;Wettfahrt&nbsp;rund um die Insel Wilhelmstein (im Rahmen der eint\u00e4gigen Holzbootregatta des Freundeskreises Klassischer Yachten\/SVG)<\/p>\n\n\n\n<p class=\"wp-block-paragraph\">Siegerehrung und Abendessen<\/p>\n\n\n\n<p class=\"wp-block-paragraph\">Fr\u00fchere Anreise und sp\u00e4tere Abreise sind m\u00f6glich. Stegpl\u00e4tze sind ausreichend vorhanden. Ein kleines familiengef\u00fchrtes Hotel liegt in unmittelbarer N\u00e4he des&nbsp;SVG.<\/p>\n\n\n\n<p class=\"wp-block-paragraph\">Bitte also den Termin in euren Kalendern vormerken!<\/p>\n","protected":false},"excerpt":{"rendered":"<p>Der Segler Verein Gro\u00dfenheidorn (SVG) freut sich, die Gemeinschaft der Hansajollensegler zum Deutschlandpokal im Jahr 2024 auf dem Steinhuder Meer begr\u00fc\u00dfen zu d\u00fcrfen.&nbsp; Geplanter Ablauf Donnerstag und Freitag, 05.07.: Ankommen und Kranen, am Nachmittag gemeinsame Fahrt zur Insel Wilhelmstein mit historischer F\u00fchrung.&nbsp; Samstag, 06.07.:&nbsp; L\u00e4ufe 1-4: Up and Down (nur Hansajollen) Abendveranstaltung, gemeinsames Abendessen Sonntag, 07.07.: 5.&nbsp;Lauf: Gro\u00dfe&nbsp;Wettfahrt&nbsp;rund um die Insel Wilhelmstein (im Rahmen der eint\u00e4gigen Holzbootregatta des Freundeskreises Klassischer Yachten\/SVG) Siegerehrung und Abendessen Fr\u00fchere Anreise und sp\u00e4tere Abreise sind m\u00f6glich. Stegpl\u00e4tze sind ausreichend vorhanden. Ein kleines familiengef\u00fchrtes Hotel liegt in unmittelbarer N\u00e4he des&nbsp;SVG. Bitte also den Termin in euren Kalendern vormerken!<\/p>\n","protected":false},"author":2,"featured_media":0,"parent":0,"menu_order":0,"comment_status":"closed","ping_status":"closed","template":"","meta":{"_crdt_document":"","footnotes":""},"class_list":["post-1134","page","type-page","status-publish","hentry"],"acf":[],"_links":{"self":[{"href":"https:\/\/www.hansajolle.de\/index.php?rest_route=\/wp\/v2\/pages\/1134","targetHints":{"allow":["GET"]}}],"collection":[{"href":"https:\/\/www.hansajolle.de\/index.php?rest_route=\/wp\/v2\/pages"}],"about":[{"href":"https:\/\/www.hansajolle.de\/index.php?rest_route=\/wp\/v2\/types\/page"}],"author":[{"embeddable":true,"href":"https:\/\/www.hansajolle.de\/index.php?rest_route=\/wp\/v2\/users\/2"}],"replies":[{"embeddable":true,"href":"https:\/\/www.hansajolle.de\/index.php?rest_route=%2Fwp%2Fv2%2Fcomments&post=1134"}],"version-history":[{"count":14,"href":"https:\/\/www.hansajolle.de\/index.php?rest_route=\/wp\/v2\/pages\/1134\/revisions"}],"predecessor-version":[{"id":2142,"href":"https:\/\/www.hansajolle.de\/index.php?rest_route=\/wp\/v2\/pages\/1134\/revisions\/2142"}],"wp:attachment":[{"href":"https:\/\/www.hansajolle.de\/index.php?rest_route=%2Fwp%2Fv2%2Fmedia&parent=1134"}],"curies":[{"name":"wp","href":"https:\/\/api.w.org\/{rel}","templated":true}]}}