{"id":1339,"date":"2020-10-26T19:38:29","date_gmt":"2020-10-26T18:38:29","guid":{"rendered":"https:\/\/www.hansajolle.de\/?page_id=1339"},"modified":"2024-04-04T08:15:06","modified_gmt":"2024-04-04T06:15:06","slug":"klassenvorschrift","status":"publish","type":"page","link":"https:\/\/www.hansajolle.de\/?page_id=1339","title":{"rendered":"Klassenvorschrift"},"content":{"rendered":"\n<p class=\"wp-block-paragraph\">Die Klassenvorschriften f\u00fcr Segelboote sollen sicherstellen, da\u00df alle Boote dieser Klasse in allen Punkten, die die Geschwindigkeit beeinflussen, gleich sind. Die Vorschriften sind in diesem Sinne auszulegen. Egal ob es sich um einen Neubau, eine komplette Restaurierung oder um ein kleines Update handelt: um als Hansajolle zu gelten, muss ein Boot den Regelungen dieser Klassenvorschrift entsprechen. Nur dann darf es zurecht den Namen Hansajolle f\u00fchren und sich auf den verschiedenen Regattabahnen mit den anderen Hansajollen messen. Damit sich jeder \u00fcber die aktuellen Festlegungen informieren kann, wird auf dieser Seite die aktuell g\u00fcltige Fassung der Klassenvorschrift der Hansajolle, herausgegeben von der Deutschen Hansa-Jollen Segler-Vereinigung e.V. (DHJSV), ver\u00f6ffentlicht.<\/p>\n\n\n\n<div data-wp-interactive=\"core\/file\" class=\"wp-block-file\"><object data-wp-bind--hidden=\"!state.hasPdfPreview\" hidden class=\"wp-block-file__embed\" data=\"https:\/\/www.hansajolle.de\/wp-content\/uploads\/2024\/04\/2019-04-01-Klassenvorschrift-Hansa-Jolle-2.pdf\" type=\"application\/pdf\" style=\"width:100%;height:600px\" aria-label=\"Einbettung von 2019-04-01-Klassenvorschrift-Hansa-Jolle-2.\"><\/object><a id=\"wp-block-file--media-88b17854-d945-4251-8cf4-b2480e7dcccc\" href=\"https:\/\/www.hansajolle.de\/wp-content\/uploads\/2024\/04\/2019-04-01-Klassenvorschrift-Hansa-Jolle-2.pdf\">2019-04-01-Klassenvorschrift-Hansa-Jolle-2<\/a><a href=\"https:\/\/www.hansajolle.de\/wp-content\/uploads\/2024\/04\/2019-04-01-Klassenvorschrift-Hansa-Jolle-2.pdf\" class=\"wp-block-file__button wp-element-button\" download aria-describedby=\"wp-block-file--media-88b17854-d945-4251-8cf4-b2480e7dcccc\">Herunterladen<\/a><\/div>\n\n\n\n<p class=\"wp-block-paragraph\"><\/p>\n","protected":false},"excerpt":{"rendered":"<p>Die Klassenvorschriften f\u00fcr Segelboote sollen sicherstellen, da\u00df alle Boote dieser Klasse in allen Punkten, die die Geschwindigkeit beeinflussen, gleich sind. Die Vorschriften sind in diesem Sinne auszulegen. Egal ob es sich um einen Neubau, eine komplette Restaurierung oder um ein kleines Update handelt: um als Hansajolle zu gelten, muss ein Boot den Regelungen dieser Klassenvorschrift entsprechen. Nur dann darf es zurecht den Namen Hansajolle f\u00fchren und sich auf den verschiedenen Regattabahnen mit den anderen Hansajollen messen. Damit sich jeder \u00fcber die aktuellen Festlegungen informieren kann, wird auf dieser Seite die aktuell g\u00fcltige Fassung der Klassenvorschrift der Hansajolle, herausgegeben von der Deutschen Hansa-Jollen Segler-Vereinigung e.V. (DHJSV), ver\u00f6ffentlicht.<\/p>\n","protected":false},"author":2,"featured_media":0,"parent":620,"menu_order":4,"comment_status":"closed","ping_status":"closed","template":"","meta":{"_crdt_document":"","footnotes":""},"class_list":["post-1339","page","type-page","status-publish","hentry"],"acf":[],"_links":{"self":[{"href":"https:\/\/www.hansajolle.de\/index.php?rest_route=\/wp\/v2\/pages\/1339","targetHints":{"allow":["GET"]}}],"collection":[{"href":"https:\/\/www.hansajolle.de\/index.php?rest_route=\/wp\/v2\/pages"}],"about":[{"href":"https:\/\/www.hansajolle.de\/index.php?rest_route=\/wp\/v2\/types\/page"}],"author":[{"embeddable":true,"href":"https:\/\/www.hansajolle.de\/index.php?rest_route=\/wp\/v2\/users\/2"}],"replies":[{"embeddable":true,"href":"https:\/\/www.hansajolle.de\/index.php?rest_route=%2Fwp%2Fv2%2Fcomments&post=1339"}],"version-history":[{"count":3,"href":"https:\/\/www.hansajolle.de\/index.php?rest_route=\/wp\/v2\/pages\/1339\/revisions"}],"predecessor-version":[{"id":2164,"href":"https:\/\/www.hansajolle.de\/index.php?rest_route=\/wp\/v2\/pages\/1339\/revisions\/2164"}],"up":[{"embeddable":true,"href":"https:\/\/www.hansajolle.de\/index.php?rest_route=\/wp\/v2\/pages\/620"}],"wp:attachment":[{"href":"https:\/\/www.hansajolle.de\/index.php?rest_route=%2Fwp%2Fv2%2Fmedia&parent=1339"}],"curies":[{"name":"wp","href":"https:\/\/api.w.org\/{rel}","templated":true}]}}