{"id":2421,"date":"2026-03-15T19:01:55","date_gmt":"2026-03-15T18:01:55","guid":{"rendered":"https:\/\/www.hansajolle.de\/?page_id=2421"},"modified":"2026-03-15T19:09:01","modified_gmt":"2026-03-15T18:09:01","slug":"ger-262","status":"publish","type":"page","link":"https:\/\/www.hansajolle.de\/?page_id=2421","title":{"rendered":"GER 262"},"content":{"rendered":"\n<p class=\"wp-block-paragraph\">Aus gesundheitlichen Gr\u00fcnden muss ich mich leider trennen von meiner Hansa-Jolle +262, &#8222;Laland&#8220;.&nbsp;<\/p>\n\n\n\n<p class=\"wp-block-paragraph\">Das Boot wurde 2007 bis 2009 von Thure Lacksch\u00e9witz gebaut und segelt seit 2010 auf dem Steinhuder Meer.&nbsp;<\/p>\n\n\n\n<p class=\"wp-block-paragraph\">Ausf\u00fchlicher Baubericht in &#8222;Hansa-Jolle aktuell, Jahrbuch 2010&#8220;<\/p>\n\n\n\n<p class=\"wp-block-paragraph\">Einige Details:<\/p>\n\n\n\n<p class=\"wp-block-paragraph\">Formverleimter Rumpf (Vakuumtechnik, 5 x 2,5 mm Kaya Mahagoni)<\/p>\n\n\n\n<p class=\"wp-block-paragraph\">Teak-Deck<\/p>\n\n\n\n<p class=\"wp-block-paragraph\">Kaj\u00fcte, S\u00fcllrand, Plicht, Klappsitze etc.: Mahagoni<\/p>\n\n\n\n<p class=\"wp-block-paragraph\">Mastbalken, H\u00e4ngknie, Rahmenspanten, Pinne: Esche&nbsp;<\/p>\n\n\n\n<p class=\"wp-block-paragraph\">Decksbalken, Schlinge: Spruce<\/p>\n\n\n\n<p class=\"wp-block-paragraph\">Mast, Grossbaum: Spruce<\/p>\n\n\n\n<p class=\"wp-block-paragraph\">Schwert, Dom, Koker (E.Homann): Edelstahl<\/p>\n\n\n\n<p class=\"wp-block-paragraph\">Segel: Beilken, First Sails<\/p>\n\n\n\n<p class=\"wp-block-paragraph\">L\u00f6ffelruder, Spatenruder<\/p>\n\n\n\n<p class=\"wp-block-paragraph\">Steckschott mit Kompass<\/p>\n\n\n\n<p class=\"wp-block-paragraph\">Alle Beschl\u00e4ge von Dauelsberg oder Toplicht<\/p>\n\n\n\n<p class=\"wp-block-paragraph\">Umfangreiches Zubeh\u00f6r&nbsp;<\/p>\n\n\n\n<p class=\"wp-block-paragraph\">Preis 29000,-<\/p>\n\n\n\n<p class=\"wp-block-paragraph\">Ggf. weitere Informationen:<\/p>\n\n\n\n<p class=\"wp-block-paragraph\">mobile:&nbsp;0178 4596634&nbsp;<\/p>\n\n\n\n<p class=\"wp-block-paragraph\">mail:&nbsp;hans.trbl@gmail.com<\/p>\n\n\n\n<figure class=\"wp-block-gallery has-nested-images columns-default is-cropped wp-block-gallery-1 is-layout-flex wp-block-gallery-is-layout-flex\">\n<figure class=\"wp-block-image size-large\"><a href=\"https:\/\/www.hansajolle.de\/wp-content\/uploads\/2026\/03\/Ruder-5-scaled.jpg\"><img loading=\"lazy\" decoding=\"async\" width=\"1024\" height=\"768\" data-id=\"2426\" src=\"https:\/\/www.hansajolle.de\/wp-content\/uploads\/2026\/03\/Ruder-5-1024x768.jpg\" alt=\"\" class=\"wp-image-2426\" srcset=\"https:\/\/www.hansajolle.de\/wp-content\/uploads\/2026\/03\/Ruder-5-1024x768.jpg 1024w, https:\/\/www.hansajolle.de\/wp-content\/uploads\/2026\/03\/Ruder-5-300x225.jpg 300w, https:\/\/www.hansajolle.de\/wp-content\/uploads\/2026\/03\/Ruder-5-768x576.jpg 768w, https:\/\/www.hansajolle.de\/wp-content\/uploads\/2026\/03\/Ruder-5-1536x1152.jpg 1536w, https:\/\/www.hansajolle.de\/wp-content\/uploads\/2026\/03\/Ruder-5-2048x1536.jpg 2048w, https:\/\/www.hansajolle.de\/wp-content\/uploads\/2026\/03\/Ruder-5-1140x855.jpg 1140w\" sizes=\"auto, (max-width: 1024px) 100vw, 1024px\" \/><\/a><\/figure>\n\n\n\n<figure class=\"wp-block-image size-large\"><a href=\"https:\/\/www.hansajolle.de\/wp-content\/uploads\/2026\/03\/20200909_183813-1-scaled.jpg\"><img loading=\"lazy\" decoding=\"async\" width=\"1024\" height=\"576\" data-id=\"2429\" src=\"https:\/\/www.hansajolle.de\/wp-content\/uploads\/2026\/03\/20200909_183813-1-1024x576.jpg\" alt=\"\" class=\"wp-image-2429\" srcset=\"https:\/\/www.hansajolle.de\/wp-content\/uploads\/2026\/03\/20200909_183813-1-1024x576.jpg 1024w, https:\/\/www.hansajolle.de\/wp-content\/uploads\/2026\/03\/20200909_183813-1-300x169.jpg 300w, https:\/\/www.hansajolle.de\/wp-content\/uploads\/2026\/03\/20200909_183813-1-768x432.jpg 768w, https:\/\/www.hansajolle.de\/wp-content\/uploads\/2026\/03\/20200909_183813-1-1536x864.jpg 1536w, https:\/\/www.hansajolle.de\/wp-content\/uploads\/2026\/03\/20200909_183813-1-2048x1152.jpg 2048w, https:\/\/www.hansajolle.de\/wp-content\/uploads\/2026\/03\/20200909_183813-1-1140x641.jpg 1140w\" sizes=\"auto, (max-width: 1024px) 100vw, 1024px\" \/><\/a><\/figure>\n\n\n\n<figure class=\"wp-block-image size-large\"><a href=\"https:\/\/www.hansajolle.de\/wp-content\/uploads\/2026\/03\/DSC00011-1-scaled.jpg\"><img loading=\"lazy\" decoding=\"async\" width=\"1024\" height=\"768\" data-id=\"2431\" src=\"https:\/\/www.hansajolle.de\/wp-content\/uploads\/2026\/03\/DSC00011-1-1024x768.jpg\" alt=\"\" class=\"wp-image-2431\" srcset=\"https:\/\/www.hansajolle.de\/wp-content\/uploads\/2026\/03\/DSC00011-1-1024x768.jpg 1024w, https:\/\/www.hansajolle.de\/wp-content\/uploads\/2026\/03\/DSC00011-1-300x225.jpg 300w, https:\/\/www.hansajolle.de\/wp-content\/uploads\/2026\/03\/DSC00011-1-768x576.jpg 768w, https:\/\/www.hansajolle.de\/wp-content\/uploads\/2026\/03\/DSC00011-1-1536x1152.jpg 1536w, https:\/\/www.hansajolle.de\/wp-content\/uploads\/2026\/03\/DSC00011-1-2048x1536.jpg 2048w, https:\/\/www.hansajolle.de\/wp-content\/uploads\/2026\/03\/DSC00011-1-1140x855.jpg 1140w\" sizes=\"auto, (max-width: 1024px) 100vw, 1024px\" \/><\/a><\/figure>\n\n\n\n<figure class=\"wp-block-image size-large\"><a href=\"https:\/\/www.hansajolle.de\/wp-content\/uploads\/2026\/03\/SC13-515-\u252c\u00ae-Nils-Bergmann-scaled.jpg\"><img loading=\"lazy\" decoding=\"async\" width=\"1024\" height=\"683\" data-id=\"2425\" src=\"https:\/\/www.hansajolle.de\/wp-content\/uploads\/2026\/03\/SC13-515-\u252c\u00ae-Nils-Bergmann-1024x683.jpg\" alt=\"\" class=\"wp-image-2425\" srcset=\"https:\/\/www.hansajolle.de\/wp-content\/uploads\/2026\/03\/SC13-515-\u252c\u00ae-Nils-Bergmann-1024x683.jpg 1024w, https:\/\/www.hansajolle.de\/wp-content\/uploads\/2026\/03\/SC13-515-\u252c\u00ae-Nils-Bergmann-300x200.jpg 300w, https:\/\/www.hansajolle.de\/wp-content\/uploads\/2026\/03\/SC13-515-\u252c\u00ae-Nils-Bergmann-768x512.jpg 768w, https:\/\/www.hansajolle.de\/wp-content\/uploads\/2026\/03\/SC13-515-\u252c\u00ae-Nils-Bergmann-1536x1024.jpg 1536w, https:\/\/www.hansajolle.de\/wp-content\/uploads\/2026\/03\/SC13-515-\u252c\u00ae-Nils-Bergmann-2048x1366.jpg 2048w, https:\/\/www.hansajolle.de\/wp-content\/uploads\/2026\/03\/SC13-515-\u252c\u00ae-Nils-Bergmann-1140x760.jpg 1140w\" sizes=\"auto, (max-width: 1024px) 100vw, 1024px\" \/><\/a><\/figure>\n<\/figure>\n","protected":false},"excerpt":{"rendered":"<p>Aus gesundheitlichen Gr\u00fcnden muss ich mich leider trennen von meiner Hansa-Jolle +262, &#8222;Laland&#8220;.&nbsp; Das Boot wurde 2007 bis 2009 von Thure Lacksch\u00e9witz gebaut und segelt seit 2010 auf dem Steinhuder Meer.&nbsp; Ausf\u00fchlicher Baubericht in &#8222;Hansa-Jolle aktuell, Jahrbuch 2010&#8220; Einige Details: Formverleimter Rumpf (Vakuumtechnik, 5 x 2,5 mm Kaya Mahagoni) Teak-Deck Kaj\u00fcte, S\u00fcllrand, Plicht, Klappsitze etc.: Mahagoni Mastbalken, H\u00e4ngknie, Rahmenspanten, Pinne: Esche&nbsp; Decksbalken, Schlinge: Spruce Mast, Grossbaum: Spruce Schwert, Dom, Koker (E.Homann): Edelstahl Segel: Beilken, First Sails L\u00f6ffelruder, Spatenruder Steckschott mit Kompass Alle Beschl\u00e4ge von Dauelsberg oder Toplicht Umfangreiches Zubeh\u00f6r&nbsp; Preis 29000,- Ggf. weitere Informationen: mobile:&nbsp;0178 4596634&nbsp; mail:&nbsp;hans.trbl@gmail.com<\/p>\n","protected":false},"author":2,"featured_media":0,"parent":0,"menu_order":0,"comment_status":"closed","ping_status":"closed","template":"","meta":{"_crdt_document":"","footnotes":""},"class_list":["post-2421","page","type-page","status-publish","hentry"],"acf":[],"_links":{"self":[{"href":"https:\/\/www.hansajolle.de\/index.php?rest_route=\/wp\/v2\/pages\/2421","targetHints":{"allow":["GET"]}}],"collection":[{"href":"https:\/\/www.hansajolle.de\/index.php?rest_route=\/wp\/v2\/pages"}],"about":[{"href":"https:\/\/www.hansajolle.de\/index.php?rest_route=\/wp\/v2\/types\/page"}],"author":[{"embeddable":true,"href":"https:\/\/www.hansajolle.de\/index.php?rest_route=\/wp\/v2\/users\/2"}],"replies":[{"embeddable":true,"href":"https:\/\/www.hansajolle.de\/index.php?rest_route=%2Fwp%2Fv2%2Fcomments&post=2421"}],"version-history":[{"count":3,"href":"https:\/\/www.hansajolle.de\/index.php?rest_route=\/wp\/v2\/pages\/2421\/revisions"}],"predecessor-version":[{"id":2433,"href":"https:\/\/www.hansajolle.de\/index.php?rest_route=\/wp\/v2\/pages\/2421\/revisions\/2433"}],"wp:attachment":[{"href":"https:\/\/www.hansajolle.de\/index.php?rest_route=%2Fwp%2Fv2%2Fmedia&parent=2421"}],"curies":[{"name":"wp","href":"https:\/\/api.w.org\/{rel}","templated":true}]}}