{"id":46,"date":"2018-11-18T21:57:31","date_gmt":"2018-11-18T20:57:31","guid":{"rendered":"http:\/\/localhost:8888\/?page_id=46"},"modified":"2026-02-08T10:42:02","modified_gmt":"2026-02-08T09:42:02","slug":"meldungen","status":"publish","type":"page","link":"https:\/\/www.hansajolle.de\/?page_id=46","title":{"rendered":"Yardstick-Verg\u00fctung"},"content":{"rendered":"\n<p class=\"wp-block-paragraph\"><strong>aktuelle Verg\u00fctungszahlen<\/strong><\/p>\n\n\n\n<p class=\"wp-block-paragraph\">Die folgenden Verg\u00fctungszahlen wurden auf der letzten Mitgliederversammlung best\u00e4tigt:<\/p>\n\n\n\n<p class=\"wp-block-paragraph\">Holz Hansa-Jolle mit Holzmast (A&amp;R Bauweise) 120<br>\nHolz Hansa-Jolle (formverleimt und nicht A&amp;R Bauweise) 120<br>\nHolz Hansa-Jolle mit Alurigg 118<br>\nKunststoff Hansa-Jolle (Typ Fricke &amp; Dannhus) 116<br>\nKunststoff Hansa-Jolle (Typ Mader) 114<\/p>\n\n\n\n<p class=\"wp-block-paragraph\"><\/p>\n","protected":false},"excerpt":{"rendered":"<p>aktuelle Verg\u00fctungszahlen Die folgenden Verg\u00fctungszahlen wurden auf der letzten Mitgliederversammlung best\u00e4tigt: Holz Hansa-Jolle mit Holzmast (A&amp;R Bauweise) 120 Holz Hansa-Jolle (formverleimt und nicht A&amp;R Bauweise) 120 Holz Hansa-Jolle mit Alurigg 118 Kunststoff Hansa-Jolle (Typ Fricke &amp; Dannhus) 116 Kunststoff Hansa-Jolle (Typ Mader) 114<\/p>\n","protected":false},"author":2,"featured_media":0,"parent":0,"menu_order":0,"comment_status":"closed","ping_status":"closed","template":"","meta":{"_crdt_document":"","footnotes":""},"class_list":["post-46","page","type-page","status-publish","hentry"],"acf":[],"_links":{"self":[{"href":"https:\/\/www.hansajolle.de\/index.php?rest_route=\/wp\/v2\/pages\/46","targetHints":{"allow":["GET"]}}],"collection":[{"href":"https:\/\/www.hansajolle.de\/index.php?rest_route=\/wp\/v2\/pages"}],"about":[{"href":"https:\/\/www.hansajolle.de\/index.php?rest_route=\/wp\/v2\/types\/page"}],"author":[{"embeddable":true,"href":"https:\/\/www.hansajolle.de\/index.php?rest_route=\/wp\/v2\/users\/2"}],"replies":[{"embeddable":true,"href":"https:\/\/www.hansajolle.de\/index.php?rest_route=%2Fwp%2Fv2%2Fcomments&post=46"}],"version-history":[{"count":13,"href":"https:\/\/www.hansajolle.de\/index.php?rest_route=\/wp\/v2\/pages\/46\/revisions"}],"predecessor-version":[{"id":2378,"href":"https:\/\/www.hansajolle.de\/index.php?rest_route=\/wp\/v2\/pages\/46\/revisions\/2378"}],"wp:attachment":[{"href":"https:\/\/www.hansajolle.de\/index.php?rest_route=%2Fwp%2Fv2%2Fmedia&parent=46"}],"curies":[{"name":"wp","href":"https:\/\/api.w.org\/{rel}","templated":true}]}}