{"id":68,"date":"2018-11-18T22:14:37","date_gmt":"2018-11-18T21:14:37","guid":{"rendered":"http:\/\/localhost:8888\/?page_id=68"},"modified":"2022-03-26T23:05:21","modified_gmt":"2022-03-26T22:05:21","slug":"rangliste-2","status":"publish","type":"page","link":"https:\/\/www.hansajolle.de\/?page_id=68","title":{"rendered":"DHJSV Aktivit\u00e4tenliste"},"content":{"rendered":"\n<p class=\"wp-block-paragraph\">Leider ist unter den derzeitigen Bedingungen keine aktuelle Erfassung der Aktivit\u00e4ten der letzten beiden Jahre m\u00f6glich. Im Jahr 2021 hat es kaum Regatten gegeben. Einige Veranstaltungen haben zwar stattgefunden, sie wurden aber unter unterschiedlichen Bedingungen durchgef\u00fchrt. Aus diesem Grund verzichten wir weiter auf die Ver\u00f6ffentlichung einer Aktivit\u00e4tenlsiet. Wir alle hoffen, dass sich die Situation 2022 entspannen wird und wir uns in diesem Jahr zu sportlichen Aktivit\u00e4ten auf dem Wasser treffen k\u00f6nnen. Der <a href=\"https:\/\/www.hansajolle.de\/?page_id=1134\">Deutschlandpokal<\/a> auf der Alster ist fest eingeplant.<\/p>\n","protected":false},"excerpt":{"rendered":"<p>Leider ist unter den derzeitigen Bedingungen keine aktuelle Erfassung der Aktivit\u00e4ten der letzten beiden Jahre m\u00f6glich. Im Jahr 2021 hat es kaum Regatten gegeben. Einige Veranstaltungen haben zwar stattgefunden, sie wurden aber unter unterschiedlichen Bedingungen durchgef\u00fchrt. Aus diesem Grund verzichten wir weiter auf die Ver\u00f6ffentlichung einer Aktivit\u00e4tenlsiet. Wir alle hoffen, dass sich die Situation 2022 entspannen wird und wir uns in diesem Jahr zu sportlichen Aktivit\u00e4ten auf dem Wasser treffen k\u00f6nnen. Der Deutschlandpokal auf der Alster ist fest eingeplant.<\/p>\n","protected":false},"author":2,"featured_media":0,"parent":0,"menu_order":0,"comment_status":"closed","ping_status":"closed","template":"","meta":{"_crdt_document":"","footnotes":""},"class_list":["post-68","page","type-page","status-publish","hentry"],"acf":[],"_links":{"self":[{"href":"https:\/\/www.hansajolle.de\/index.php?rest_route=\/wp\/v2\/pages\/68","targetHints":{"allow":["GET"]}}],"collection":[{"href":"https:\/\/www.hansajolle.de\/index.php?rest_route=\/wp\/v2\/pages"}],"about":[{"href":"https:\/\/www.hansajolle.de\/index.php?rest_route=\/wp\/v2\/types\/page"}],"author":[{"embeddable":true,"href":"https:\/\/www.hansajolle.de\/index.php?rest_route=\/wp\/v2\/users\/2"}],"replies":[{"embeddable":true,"href":"https:\/\/www.hansajolle.de\/index.php?rest_route=%2Fwp%2Fv2%2Fcomments&post=68"}],"version-history":[{"count":14,"href":"https:\/\/www.hansajolle.de\/index.php?rest_route=\/wp\/v2\/pages\/68\/revisions"}],"predecessor-version":[{"id":1659,"href":"https:\/\/www.hansajolle.de\/index.php?rest_route=\/wp\/v2\/pages\/68\/revisions\/1659"}],"wp:attachment":[{"href":"https:\/\/www.hansajolle.de\/index.php?rest_route=%2Fwp%2Fv2%2Fmedia&parent=68"}],"curies":[{"name":"wp","href":"https:\/\/api.w.org\/{rel}","templated":true}]}}