{"id":79,"date":"2018-11-18T22:18:44","date_gmt":"2018-11-18T21:18:44","guid":{"rendered":"http:\/\/localhost:8888\/?page_id=79"},"modified":"2023-12-27T11:12:45","modified_gmt":"2023-12-27T10:12:45","slug":"mitglied-werden","status":"publish","type":"page","link":"https:\/\/www.hansajolle.de\/?page_id=79","title":{"rendered":"Mitglied werden"},"content":{"rendered":"<p>Hier k\u00f6nnen Sie sich das Beitrittsformular zur Klassenvereinigung der Deutsche Hansa-Jollen-Segler-Vereinigung e.V. herunterladen und ausgef\u00fcllt an die angegebene Adresse senden.<br \/>Eine Beitrittserkl\u00e4rung per E-Mail an kasse@hansajolle.de mit den ben\u00f6tigten Angaben ist ebenfalls m\u00f6glich.<\/p>\n\n\n<div data-wp-interactive=\"core\/file\" class=\"wp-block-file\"><object data-wp-bind--hidden=\"!state.hasPdfPreview\" hidden class=\"wp-block-file__embed\" data=\"https:\/\/www.hansajolle.de\/wp-content\/uploads\/2023\/12\/Vordruck-Beitrittserklaerung.pdf\" type=\"application\/pdf\" style=\"width:100%;height:600px\" aria-label=\"Einbettung von Vordruck Beitrittserkl\u00e4rung.\"><\/object><a id=\"wp-block-file--media-9445e296-abf9-4938-b35a-d2d441ad90bc\" href=\"https:\/\/www.hansajolle.de\/wp-content\/uploads\/2023\/12\/Vordruck-Beitrittserklaerung.pdf\">Vordruck Beitrittserkl\u00e4rung<\/a><a href=\"https:\/\/www.hansajolle.de\/wp-content\/uploads\/2023\/12\/Vordruck-Beitrittserklaerung.pdf\" class=\"wp-block-file__button wp-element-button\" download aria-describedby=\"wp-block-file--media-9445e296-abf9-4938-b35a-d2d441ad90bc\">Herunterladen<\/a><\/div>\n","protected":false},"excerpt":{"rendered":"<p>Hier k\u00f6nnen Sie sich das Beitrittsformular zur Klassenvereinigung der Deutsche Hansa-Jollen-Segler-Vereinigung e.V. herunterladen und ausgef\u00fcllt an die angegebene Adresse senden.Eine Beitrittserkl\u00e4rung per E-Mail an kasse@hansajolle.de mit den ben\u00f6tigten Angaben ist ebenfalls m\u00f6glich.<\/p>\n","protected":false},"author":2,"featured_media":0,"parent":0,"menu_order":0,"comment_status":"closed","ping_status":"closed","template":"","meta":{"_crdt_document":"","footnotes":""},"class_list":["post-79","page","type-page","status-publish","hentry"],"acf":[],"_links":{"self":[{"href":"https:\/\/www.hansajolle.de\/index.php?rest_route=\/wp\/v2\/pages\/79","targetHints":{"allow":["GET"]}}],"collection":[{"href":"https:\/\/www.hansajolle.de\/index.php?rest_route=\/wp\/v2\/pages"}],"about":[{"href":"https:\/\/www.hansajolle.de\/index.php?rest_route=\/wp\/v2\/types\/page"}],"author":[{"embeddable":true,"href":"https:\/\/www.hansajolle.de\/index.php?rest_route=\/wp\/v2\/users\/2"}],"replies":[{"embeddable":true,"href":"https:\/\/www.hansajolle.de\/index.php?rest_route=%2Fwp%2Fv2%2Fcomments&post=79"}],"version-history":[{"count":10,"href":"https:\/\/www.hansajolle.de\/index.php?rest_route=\/wp\/v2\/pages\/79\/revisions"}],"predecessor-version":[{"id":2063,"href":"https:\/\/www.hansajolle.de\/index.php?rest_route=\/wp\/v2\/pages\/79\/revisions\/2063"}],"wp:attachment":[{"href":"https:\/\/www.hansajolle.de\/index.php?rest_route=%2Fwp%2Fv2%2Fmedia&parent=79"}],"curies":[{"name":"wp","href":"https:\/\/api.w.org\/{rel}","templated":true}]}}